{"id":43,"date":"2025-05-21T18:07:55","date_gmt":"2025-05-21T16:07:55","guid":{"rendered":"https:\/\/www.spitesnami.sk\/o-nas\/"},"modified":"2025-10-26T20:49:19","modified_gmt":"2025-10-26T19:49:19","slug":"o-nas","status":"publish","type":"page","link":"https:\/\/www.spitesnami.sk\/cs\/o-nas\/","title":{"rendered":"O n\u00e1s"},"content":{"rendered":"<div class=\"wp-block-group alignfull has-foreground-background-color has-background has-global-padding is-layout-constrained wp-block-group-is-layout-constrained\" style=\"margin-top:0;margin-bottom:0;padding-top:0;padding-bottom:0\">\n<div class=\"wp-block-group alignwide has-global-padding is-layout-constrained wp-block-group-is-layout-constrained\" style=\"padding-top:var(--wp--preset--spacing--30);padding-bottom:var(--wp--preset--spacing--30)\">\n<h1 class=\"wp-block-heading alignwide has-background-color has-text-color\" style=\"font-size:clamp(0.875rem, 0.875rem + ((1vw - 0.2rem) * 0.625), 1.25rem);\">O n\u00e1s<\/h1>\n<\/div>\n<\/div>\n\n\n\n<div class=\"wp-block-group alignfull has-tertiary-background-color has-background has-global-padding is-layout-constrained wp-container-core-group-is-layout-7276a2bb wp-block-group-is-layout-constrained\" id=\"o-nas\" style=\"margin-top:0;margin-bottom:0;padding-top:var(--wp--preset--spacing--60);padding-right:var(--wp--preset--spacing--30);padding-bottom:var(--wp--preset--spacing--60);padding-left:var(--wp--preset--spacing--30)\">\n<div class=\"wp-block-columns alignwide is-layout-flex wp-container-core-columns-is-layout-47c06fe3 wp-block-columns-is-layout-flex\">\n<div class=\"wp-block-column is-layout-flow wp-container-core-column-is-layout-119bc444 wp-block-column-is-layout-flow\" style=\"flex-basis:60%\">\n<h2 class=\"wp-block-heading\">Zdrav\u00fd sp\u00e1nok s Bernardou<\/h2>\n\n\n\n<p class=\"has-medium-font-size\" style=\"margin-top:16px\">Na\u0161\u00edm cie\u013eom je prin\u00e1\u0161a\u0165 kvalitn\u00e9 rie\u0161enia pre zdrav\u00fd sp\u00e1nok, s d\u00f4razom na inov\u00e1ciu, komfort a spo\u013eahlivos\u0165.<\/p>\n<\/div>\n\n\n\n<div class=\"wp-block-column is-vertically-aligned-top is-layout-flow wp-container-core-column-is-layout-f5bb311e wp-block-column-is-layout-flow\" style=\"flex-basis:50%\"><\/div>\n<\/div>\n\n\n\n<div class=\"wp-block-cover alignwide extendify-image-import\" style=\"border-radius:1.5rem;min-height:30vh;aspect-ratio:unset;\"><img decoding=\"async\" class=\"wp-block-cover__image-background\" alt=\"\" src=\"https:\/\/images.unsplash.com\/flagged\/photo-1556438758-8d49568ce18e?ixid=M3w0MzUxNjF8MHwxfHNlYXJjaHw0fHxiZWRzfGVufDB8fHx8MTc0NzY1MjYxNHww&amp;ixlib=rb-4.1.0&amp;orientation=landscape?fit=crop&amp;crop=entropy%2Cfaces&amp;auto=format%2Ccompress&amp;w=1280\" data-object-fit=\"cover\"\/><span aria-hidden=\"true\" class=\"wp-block-cover__background has-background-dim-0 has-background-dim\"><\/span><div class=\"wp-block-cover__inner-container is-layout-flow wp-block-cover-is-layout-flow\">\n<div style=\"height:100px\" aria-hidden=\"true\" class=\"wp-block-spacer\"><\/div>\n<\/div><\/div>\n<\/div>\n\n\n\n<div class=\"wp-block-group alignfull has-background-background-color has-background has-global-padding is-layout-constrained wp-container-core-group-is-layout-7276a2bb wp-block-group-is-layout-constrained\" style=\"margin-top:0;margin-bottom:0;padding-top:var(--wp--preset--spacing--60);padding-right:var(--wp--preset--spacing--30);padding-bottom:var(--wp--preset--spacing--60);padding-left:var(--wp--preset--spacing--30)\">\n<div class=\"wp-block-group alignwide has-tertiary-background-color has-background is-vertical is-layout-flex wp-container-core-group-is-layout-238fd6e6 wp-block-group-is-layout-flex\" style=\"border-radius:1.5rem;padding-top:var(--wp--preset--spacing--40);padding-right:var(--wp--preset--spacing--40);padding-bottom:var(--wp--preset--spacing--40);padding-left:var(--wp--preset--spacing--40)\">\n<div class=\"wp-block-group alignwide has-global-padding is-content-justification-left is-layout-constrained wp-container-core-group-is-layout-8b4c372c wp-block-group-is-layout-constrained\">\n<h2 class=\"wp-block-heading\">Dobr\u00fd sp\u00e1nok za\u010d\u00edna u n\u00e1s<\/h2>\n\n\n\n<p class=\"has-medium-font-size\" style=\"margin-top:16px\">Sme v\u00fdhradn\u00fdm z\u00e1stupcom spolo\u010dnosti BERNARDA d.o.o. HR pre Slovensko a \u010cesko.<\/p>\n<\/div>\n\n\n\n<div class=\"wp-block-columns alignwide is-layout-flex wp-container-core-columns-is-layout-08c01c1c wp-block-columns-is-layout-flex\">\n<div class=\"wp-block-column is-layout-flow wp-block-column-is-layout-flow\">\n<h3 class=\"wp-block-heading has-primary-color has-text-color has-large-font-size\">8+<\/h3>\n\n\n\n<h3 class=\"wp-block-heading has-medium-font-size\" style=\"margin-top:16px\">Medzin\u00e1rodn\u00fdch ocenen\u00ed<\/h3>\n\n\n\n<p class=\"has-small-font-size\" style=\"margin-top:8px\">Produkty Bernarda si nes\u00fa ocenenia za inov\u00e1cie z v\u00fdstav v \u017deneve, Lond\u00fdne, Bruseli, Norimbergu, Shiraze, Silicon Valley a \u010fal\u0161ich.<\/p>\n<\/div>\n\n\n\n<div class=\"wp-block-column is-layout-flow wp-block-column-is-layout-flow\">\n<h3 class=\"wp-block-heading has-primary-color has-text-color has-large-font-size\">50+<\/h3>\n\n\n\n<h3 class=\"wp-block-heading has-medium-font-size\" style=\"margin-top:16px\">Spokojn\u00fdch z\u00e1kazn\u00edkov<\/h3>\n\n\n\n<p class=\"has-small-font-size\" style=\"margin-top:8px\">Vr\u00e1tane hotelov, apartm\u00e1nov\u00fdch komplexov, &nbsp;\u0161tudentsk\u00fdch domovov a individu\u00e1lnych dom\u00e1cnost\u00ed po celom \u010cesku a Slovensku.<\/p>\n<\/div>\n\n\n\n<div class=\"wp-block-column is-layout-flow wp-block-column-is-layout-flow\">\n<h3 class=\"wp-block-heading has-primary-color has-text-color has-large-font-size\">1000+<\/h3>\n\n\n\n<h3 class=\"wp-block-heading has-medium-font-size\" style=\"margin-top:16px\">Hotelov\u00fdch izieb<\/h3>\n\n\n\n<p class=\"has-small-font-size\" style=\"margin-top:8px\">Na\u0161e matrace a postele n\u00e1jdete napr\u00edklad v hoteloch Kempinski, Holiday Inn, Goya Vitality \u010di Villa Regia<\/p>\n<\/div>\n\n\n\n<div class=\"wp-block-column is-layout-flow wp-block-column-is-layout-flow\">\n<h3 class=\"wp-block-heading has-primary-color has-text-color has-large-font-size\">3000+<\/h3>\n\n\n\n<h3 class=\"wp-block-heading has-medium-font-size\" style=\"margin-top:16px\">Dodan\u00fdch postel\u00ed<\/h3>\n\n\n\n<p class=\"has-small-font-size\" style=\"margin-top:8px\">Toto \u010d\u00edslo odr\u00e1\u017ea d\u00f4veru z\u00e1kazn\u00edkov v kvalitu a spo\u013eahlivos\u0165 na\u0161ich produktov.<\/p>\n<\/div>\n<\/div>\n<\/div>\n\n\n\n<h2 class=\"wp-block-heading\">ZDRAV\u00dd SP\u00c1NOK<\/h2>\n\n\n\n<p>Ak trp\u00edte boles\u0165ami krku a chrbta, k\u0155\u010dmi a probl\u00e9mami s krvn\u00fdm obehom v noh\u00e1ch, ur\u010dite sp\u00edte na nevhodnej posteli. Tak\u00e9to pr\u00edznaky \u010dasto nazna\u010duj\u00fa nam\u00e1hanie chrbtice, preto\u017ee poste\u013e, na ktorej sp\u00edte, neposkytuje chrbtici rovnak\u00fa oporu. Spr\u00e1vnym receptom na zdrav\u00fd a relaxa\u010dn\u00fd sp\u00e1nok je poste\u013e na mieru, ktor\u00e1 je individu\u00e1lne prisp\u00f4soben\u00e1 proporci\u00e1m v\u00e1\u0161ho tela, aby ergonomicky podopierala chrbticu a udr\u017eiavala ju v prirodzenej polohe.<\/p>\n\n\n\n<p>Dynamick\u00e9 a stresuj\u00face tempo \u017eivota rob\u00ed z dobr\u00e9ho sp\u00e1nku nevyhnutnos\u0165 zdrav\u00e9ho \u017eivota. Poste\u013e a matrac musia by\u0165 prisp\u00f4soben\u00e9 individu\u00e1lnym potreb\u00e1m a zvykom spiaceho a pou\u017eit\u00e9 materi\u00e1ly musia by\u0165 pr\u00edrodn\u00e9, odoln\u00e9, pohodln\u00e9 a musia ma\u0165 dobr\u00fa tepeln\u00fa a vlhkostn\u00fa vodivos\u0165.<\/p>\n\n\n\n<p>Matrace Bernarda sa daj\u00fa prisp\u00f4sobi\u0165 v\u00e1\u0161mu veku, telesnej hmotnosti, sp\u00e1nkov\u00fdm n\u00e1vykom&#8230; Pre kvalitn\u00fd a zdrav\u00fd \u017eivot by mali existova\u0165 r\u00f4zne matrace a poste\u013en\u00e9 syst\u00e9my v detstve, dospievan\u00ed, strednom veku a&nbsp; v star\u0161om veku.<\/p>\n\n\n\n<p>Najmodernej\u0161\u00ed matrac m\u00f4\u017ee by\u0165 zlo\u017een\u00fd z viacer\u00fdch z\u00f3n ta\u0161ti\u010dkov\u00e9ho jadra, po\u0165ahu na b\u00e1ze kokosu, ag\u00e1vov\u00fdch vl\u00e1kien a r\u00f4znych \u010fal\u0161\u00edch pr\u00edrodn\u00fdch materi\u00e1lov, pri\u010dom pri v\u00fdbere treba venova\u0165 osobitn\u00fa pozornos\u0165 zlo\u017eeniu materi\u00e1lu v po\u0165ahu, ktor\u00fd m\u00f4\u017ee zabezpe\u010di\u0165 dodato\u010dn\u00fa regul\u00e1ciu vodivosti vzduchu a vlhkosti, chr\u00e1ni\u0165 pred \u0161kodliv\u00fdm \u017eiaren\u00edm a ma\u0165 \u0161peci\u00e1lne antialergick\u00e9, antibakteri\u00e1lne a r\u00f4zne \u010fal\u0161ie vlastnosti, ktor\u00e9 prispievaj\u00fa k pokojn\u00e9mu a pohodln\u00e9mu sp\u00e1nku.<\/p>\n\n\n\n<p>Postele a matrace Bernarda s\u00fa najvy\u0161\u0161ej kvality; zabezpe\u010duj\u00fa pohodln\u00fd sp\u00e1nok a \u0161\u0165astn\u00e9 prebudenia z\u00e1kazn\u00edkom na celom svete.&nbsp;<\/p>\n\n\n\n<h4 class=\"wp-block-heading\">VEDELI STE?<\/h4>\n\n\n\n<ul class=\"wp-block-list\">\n<li>80 % \u013eud\u00ed v Eur\u00f3pe m\u00e1 aspo\u0148 raz za \u017eivot probl\u00e9my s&nbsp;chrbticou<\/li>\n\n\n\n<li>85 % v\u0161etk\u00fdch pacientov trpiacich chronickou boles\u0165ou chrbta trp\u00ed depresiou<\/li>\n\n\n\n<li>90 % v\u0161etk\u00fdch ochoren\u00ed chrbta nem\u00e1 jasn\u00fa diagn\u00f3zu<\/li>\n\n\n\n<li>40 % pred\u010dasn\u00fdch odchodov do d\u00f4chodku s\u00favis\u00ed s chronick\u00fdmi probl\u00e9mami s chrbtom &#8211; Matrac absorbuje z tela spiaceho 2 000 a\u017e 3 000 litrov tekutiny za desa\u0165 rokov pou\u017e\u00edvania.<\/li>\n\n\n\n<li>Chr\u00e1paj\u00faca osoba m\u00f4\u017ee vyd\u00e1va\u0165 hluk s hlasitos\u0165ou a\u017e 90 decibelov, \u010do zodpoved\u00e1 hluku n\u00e1kladn\u00e9ho auta.<\/li>\n\n\n\n<li>Matrac unesie celkovo 310 ton hmotnosti po\u010das desiatich rokov pou\u017e\u00edvania s priemernou hmotnos\u0165ou spiaceho 85 kg.<\/li>\n<\/ul>\n<\/div>\n\n\n\n<div class=\"wp-block-group alignfull has-tertiary-background-color has-background has-global-padding is-layout-constrained wp-container-core-group-is-layout-7276a2bb wp-block-group-is-layout-constrained\" id=\"tim\" style=\"margin-top:0;margin-bottom:0;padding-top:var(--wp--preset--spacing--60);padding-right:var(--wp--preset--spacing--30);padding-bottom:var(--wp--preset--spacing--60);padding-left:var(--wp--preset--spacing--30)\">\n<div class=\"wp-block-group alignwide is-vertical is-layout-flex wp-container-core-group-is-layout-fe9cc265 wp-block-group-is-layout-flex\">\n<div class=\"wp-block-group alignwide has-global-padding is-content-justification-left is-layout-constrained wp-container-core-group-is-layout-8b4c372c wp-block-group-is-layout-constrained\">\n<h2 class=\"wp-block-heading\" style=\"margin-top:12px\">Bernarda: \u0161pecialisti na komfortn\u00fd sp\u00e1nok<\/h2>\n\n\n\n<p>Spolo\u010dnos\u0165 Bernarda ka\u017edoro\u010dne vyrob\u00ed viac ako 80\u202f000 postel\u00ed a 150\u202f000 matracov, pri\u010dom sa \u0161pecializuje v\u00fdhradne na produkty pre kvalitn\u00fd sp\u00e1nok.<\/p>\n\n\n\n<p>V\u00fdrobky tejto zna\u010dky n\u00e1jdete v prest\u00ed\u017enych hotelov\u00fdch sie\u0165ach ako Kempinski, Marriott, Hilton, M\u00f6venpick, Radisson, Holiday Inn, Sheraton a \u010fal\u0161\u00edch. Na Slovensku ich pou\u017e\u00edvaj\u00fa aj hotely ako Ka\u0161tie\u013e Voderady \u2013 Goya Vitality Hotel, komplex Gothal, 111 Apartments Ko\u0161ice \u010di Villa Regia.<\/p>\n\n\n\n<p>V\u010faka \u0161pi\u010dkovej kvalite a inov\u00e1ci\u00e1m z\u00edskala spolo\u010dnos\u0165 ocenenia z medzin\u00e1rodn\u00fdch v\u00fdstav v \u017deneve, Lond\u00fdne, Bruseli, USA \u010di Silicon Valley \u2013 vr\u00e1tane patentovan\u00e9ho zdravotn\u00e9ho matraca ANTIFLUX pre \u013eud\u00ed s refluxom (GERD).<\/p>\n\n\n\n<p>Na\u0161e portf\u00f3lio je ur\u010den\u00e9 pre 2 a\u017e 5-hviezdi\u010dkov\u00e9 hotely, dom\u00e1cnosti aj \u0161peci\u00e1lne zariadenia ako \u0161tudentsk\u00e9 domovy.<\/p>\n<\/div>\n<\/div>\n<\/div>","protected":false},"excerpt":{"rendered":"<p>O n\u00e1s Zdrav\u00fd sp\u00e1nok s Bernardou Na\u0161\u00edm cie\u013eom je prin\u00e1\u0161a\u0165 kvalitn\u00e9 rie\u0161enia pre zdrav\u00fd sp\u00e1nok, s d\u00f4razom na inov\u00e1ciu, komfort a spo\u013eahlivos\u0165. Dobr\u00fd sp\u00e1nok za\u010d\u00edna u n\u00e1s Sme v\u00fdhradn\u00fdm z\u00e1stupcom spolo\u010dnosti BERNARDA d.o.o. HR pre Slovensko a \u010cesko. 8+ Medzin\u00e1rodn\u00fdch ocenen\u00ed Produkty Bernarda si nes\u00fa ocenenia za inov\u00e1cie z v\u00fdstav v \u017deneve, Lond\u00fdne, Bruseli, Norimbergu, [&hellip;]<\/p>","protected":false},"author":1,"featured_media":0,"parent":0,"menu_order":0,"comment_status":"closed","ping_status":"closed","template":"no-title","meta":{"footnotes":""},"class_list":["post-43","page","type-page","status-publish","hentry"],"aioseo_notices":[],"_links":{"self":[{"href":"https:\/\/www.spitesnami.sk\/cs\/wp-json\/wp\/v2\/pages\/43","targetHints":{"allow":["GET"]}}],"collection":[{"href":"https:\/\/www.spitesnami.sk\/cs\/wp-json\/wp\/v2\/pages"}],"about":[{"href":"https:\/\/www.spitesnami.sk\/cs\/wp-json\/wp\/v2\/types\/page"}],"author":[{"embeddable":true,"href":"https:\/\/www.spitesnami.sk\/cs\/wp-json\/wp\/v2\/users\/1"}],"replies":[{"embeddable":true,"href":"https:\/\/www.spitesnami.sk\/cs\/wp-json\/wp\/v2\/comments?post=43"}],"version-history":[{"count":10,"href":"https:\/\/www.spitesnami.sk\/cs\/wp-json\/wp\/v2\/pages\/43\/revisions"}],"predecessor-version":[{"id":950,"href":"https:\/\/www.spitesnami.sk\/cs\/wp-json\/wp\/v2\/pages\/43\/revisions\/950"}],"wp:attachment":[{"href":"https:\/\/www.spitesnami.sk\/cs\/wp-json\/wp\/v2\/media?parent=43"}],"curies":[{"name":"wp","href":"https:\/\/api.w.org\/{rel}","templated":true}]}}