{"id":48,"date":"2025-05-21T18:07:58","date_gmt":"2025-05-21T16:07:58","guid":{"rendered":"https:\/\/www.spitesnami.sk\/domov\/"},"modified":"2026-04-02T11:43:43","modified_gmt":"2026-04-02T09:43:43","slug":"domov","status":"publish","type":"page","link":"https:\/\/www.spitesnami.sk\/cs\/","title":{"rendered":"Domov"},"content":{"rendered":"<div class=\"wp-block-group alignfull has-background-background-color has-background has-global-padding is-layout-constrained wp-block-group-is-layout-constrained\" style=\"margin-top:0;margin-bottom:0;padding-top:0;padding-bottom:0\">\n<div class=\"wp-block-cover alignfull extendify-image-import\" style=\"margin-top:0;margin-bottom:0;min-height:70vh;aspect-ratio:unset;\"><img decoding=\"async\" class=\"wp-block-cover__image-background\" alt=\"\" src=\"https:\/\/images.unsplash.com\/photo-1512918580421-b2feee3b85a6?ixid=M3w0MzUxNjF8MHwxfHNlYXJjaHwxMHx8YmVkc3xlbnwwfHx8fDE3NDc2NTI2MTR8MA&amp;ixlib=rb-4.1.0&amp;orientation=landscape?fit=crop&amp;crop=entropy%2Cfaces&amp;auto=format%2Ccompress&amp;w=1280\" data-object-fit=\"cover\"\/><span aria-hidden=\"true\" class=\"wp-block-cover__background has-background-dim-60 has-background-dim\"><\/span><div class=\"wp-block-cover__inner-container has-global-padding is-layout-constrained wp-block-cover-is-layout-constrained\">\n<div class=\"wp-block-group alignwide is-vertical is-layout-flex wp-container-core-group-is-layout-fe9cc265 wp-block-group-is-layout-flex\">\n<div class=\"wp-block-group has-foreground-color has-background-background-color has-text-color has-background has-link-color wp-elements-0b277571f6c7e40e72bcf58a8f2f9a85 has-global-padding is-layout-constrained wp-container-core-group-is-layout-24567ffd wp-block-group-is-layout-constrained\" style=\"border-radius:1.5rem;padding-top:var(--wp--preset--spacing--40);padding-right:var(--wp--preset--spacing--40);padding-bottom:var(--wp--preset--spacing--40);padding-left:var(--wp--preset--spacing--40)\">\n<h1 class=\"wp-block-heading wp-container-content-9cfa9a5a\">Luxusn\u00e9 hotelov\u00e9 postele a zdravotn\u00e9 matrace Bernarda<\/h1>\n\n\n\n<h3 class=\"wp-block-heading\">Dobr\u00fd sen pre zdrav\u00fd \u017eivot \u2013 postele, na ktor\u00fdch je \u00fa\u017easn\u00e9 aj bdie\u0165.<\/h3>\n\n\n\n<p style=\"margin-top:16px\">Ofici\u00e1lne zast\u00fapenie zna\u010dky Bernarda pre Slovensko a \u010cesko. Viac ne\u017e 80 000 postel\u00ed a 150 000 matracov ro\u010dne \u2013 d\u00f4veruj\u00fa n\u00e1m hotely ako Hilton, Kempinski \u010di Marriott.<\/p>\n<\/div>\n<\/div>\n<\/div><\/div>\n<\/div>\n\n\n\n<div class=\"wp-block-group alignfull has-background-background-color has-background has-global-padding is-layout-constrained wp-container-core-group-is-layout-ab92b0a4 wp-block-group-is-layout-constrained\" style=\"margin-top:0;margin-bottom:0;padding-top:var(--wp--preset--spacing--30);padding-right:var(--wp--preset--spacing--30);padding-bottom:var(--wp--preset--spacing--60);padding-left:var(--wp--preset--spacing--30)\">\n<div class=\"wp-block-columns alignwide are-vertically-aligned-center is-layout-flex wp-container-core-columns-is-layout-47c06fe3 wp-block-columns-is-layout-flex\">\n<div class=\"wp-block-column is-vertically-aligned-center is-layout-flow wp-block-column-is-layout-flow\">\n<div class=\"wp-block-group has-global-padding is-layout-constrained wp-block-group-is-layout-constrained\">\n<h2 class=\"wp-block-heading has-text-align-center\"><strong>Pre\u010do Bernarda?<\/strong><\/h2>\n\n\n\n<p class=\"has-text-align-left\" style=\"margin-top:16px\">\u2705 V\u00fdhradn\u00e9 zameranie na sp\u00e1nok \u2013 sme \u0161pecialisti<\/p>\n\n\n\n<p>\ud83d\udecc Overen\u00e9 v 5-hviezdi\u010dkov\u00fdch hoteloch<\/p>\n\n\n\n<p>\ud83e\udd47 Medzin\u00e1rodn\u00e9 ocenenia a patenty (vr\u00e1tane zdravotn\u00e9ho matraca ANTIFLUX)<\/p>\n\n\n\n<p>\ud83c\udf0d V\u00fdroba 100 % v E\u00da<\/p>\n\n\n\n<p class=\"has-text-align-left\" style=\"margin-top:16px\">\ud83d\udd2c Inov\u00e1cia a kvalita \u2013 od \u0160tudentsk\u00fdch domovov po luxusn\u00e9 apartm\u00e1ny<\/p>\n\n\n\n<div class=\"wp-block-buttons is-content-justification-center is-layout-flex wp-container-core-buttons-is-layout-6e21085f wp-block-buttons-is-layout-flex\" style=\"margin-top:var(--wp--preset--spacing--40)\">\n<div class=\"wp-block-button\"><a class=\"wp-block-button__link wp-element-button\" href=\"https:\/\/www.spitesnami.sk\/cs\/postele\/\">Pozrie\u0165 ponuku postel\u00ed<\/a><\/div>\n\n\n\n<div class=\"wp-block-button\"><a class=\"wp-block-button__link wp-element-button\" href=\"https:\/\/www.spitesnami.sk\/cs\/matrace\/\">Pozrie\u0165 ponuku matracov<\/a><\/div>\n<\/div>\n<\/div>\n<\/div>\n\n\n\n<div class=\"wp-block-column is-vertically-aligned-center is-layout-flow wp-block-column-is-layout-flow\">\n<figure class=\"wp-block-image size-large has-custom-border extendify-image-import\"><img loading=\"lazy\" decoding=\"async\" width=\"1024\" height=\"732\" src=\"https:\/\/www.spitesnami.sk\/wp-content\/uploads\/2025\/05\/krevet-royal-1024x732.jpg\" alt=\"Luxusn\u00e1 poste\u013e Bernarda Royal\" class=\"wp-image-78\" style=\"border-top-left-radius:20rem;border-top-right-radius:1rem;border-bottom-left-radius:20rem;border-bottom-right-radius:1rem;aspect-ratio:1;object-fit:cover\" srcset=\"https:\/\/www.spitesnami.sk\/wp-content\/uploads\/2025\/05\/krevet-royal-1024x732.jpg 1024w, https:\/\/www.spitesnami.sk\/wp-content\/uploads\/2025\/05\/krevet-royal-300x214.jpg 300w, https:\/\/www.spitesnami.sk\/wp-content\/uploads\/2025\/05\/krevet-royal-768x549.jpg 768w, https:\/\/www.spitesnami.sk\/wp-content\/uploads\/2025\/05\/krevet-royal-1536x1097.jpg 1536w, https:\/\/www.spitesnami.sk\/wp-content\/uploads\/2025\/05\/krevet-royal.jpg 2048w\" sizes=\"auto, (max-width: 1024px) 100vw, 1024px\" \/><\/figure>\n<\/div>\n<\/div>\n<\/div>\n\n\n\n<div class=\"wp-block-group alignfull has-background-background-color has-background has-global-padding is-layout-constrained wp-container-core-group-is-layout-fb85e995 wp-block-group-is-layout-constrained\" style=\"margin-top:0;margin-bottom:0;padding-top:var(--wp--preset--spacing--60);padding-right:var(--wp--preset--spacing--30);padding-bottom:var(--wp--preset--spacing--60);padding-left:var(--wp--preset--spacing--30)\">\n<div class=\"wp-block-group alignwide has-tertiary-background-color has-background has-global-padding is-layout-constrained wp-container-core-group-is-layout-68aaa552 wp-block-group-is-layout-constrained\" style=\"border-radius:1.5rem;padding-top:var(--wp--preset--spacing--40);padding-right:var(--wp--preset--spacing--40);padding-bottom:var(--wp--preset--spacing--50);padding-left:var(--wp--preset--spacing--40)\">\n<h3 class=\"wp-block-heading has-text-align-center\">D\u00f4veruj\u00fa n\u00e1m:<\/h3>\n\n\n\n<div class=\"wp-block-group alignwide is-content-justification-center is-layout-flex wp-container-core-group-is-layout-cca5d157 wp-block-group-is-layout-flex\">\n<p>Kempinski \u2022 Hilton \u2022 Marriott \u2022 M\u00f6venpick \u2022 Holiday Inn \u2022 Radisson \u2022 NH Hotels \u2022 Sheraton<\/p>\n\n\n\n<p>Ka\u0161tie\u013e Voderady \u2022 Gothal \u2022 111 Apartments Ko\u0161ice \u2022 Golden Apartments \u2022 Villa Regia \u2022 a stovky dom\u00e1cnost\u00ed<\/p>\n<\/div>\n<\/div>\n<\/div>\n\n\n\n<div class=\"wp-block-group alignfull has-background-background-color has-background has-global-padding is-layout-constrained wp-block-group-is-layout-constrained\" id=\"kontakt\" style=\"margin-top:0;margin-bottom:0;padding-top:var(--wp--preset--spacing--60);padding-bottom:var(--wp--preset--spacing--60)\">\n<div class=\"wp-block-columns alignwide is-layout-flex wp-container-core-columns-is-layout-47c06fe3 wp-block-columns-is-layout-flex\">\n<div class=\"wp-block-column is-layout-flow wp-block-column-is-layout-flow\" style=\"flex-basis:50%\">\n<figure class=\"wp-block-image has-custom-border extendify-image-import\"><img decoding=\"async\" src=\"https:\/\/images.unsplash.com\/photo-1566665797739-1674de7a421a?ixid=M3w0MzUxNjF8MHwxfHNlYXJjaHwxfHxiZWRyb29tc3xlbnwwfHx8fDE3NDc4NDExNDV8MA&amp;ixlib=rb-4.1.0&amp;orientation=landscape?fit=crop&amp;crop=entropy%2Cfaces&amp;auto=format%2Ccompress\" alt=\"\" style=\"border-radius:1rem;aspect-ratio:3\/4;object-fit:cover\"\/><\/figure>\n<\/div>\n\n\n\n<div class=\"wp-block-column is-layout-flow wp-block-column-is-layout-flow\" style=\"flex-basis:50%\">\n<div class=\"wp-block-group has-global-padding is-layout-constrained wp-block-group-is-layout-constrained\" style=\"margin-bottom:var(--wp--preset--spacing--40)\">\n<h2 class=\"wp-block-heading has-large-font-size\">Zdrav\u00fd sp\u00e1nok s kvalitou Bernarda<\/h2>\n\n\n\n<p style=\"margin-top:1rem\">Pre vy\u017eiadanie cenovej ponuky alebo v pr\u00edpade Va\u0161ich ot\u00e1zok n\u00e1s nev\u00e1hajte kontaktova\u0165:<\/p>\n<\/div>\n\n\n<div class=\"wpforms-container wpforms-block wpforms-block-9afe8130-2d97-4b16-9810-df903f92a81c wpforms-render-modern\" id=\"wpforms-41\"><form id=\"wpforms-form-41\" class=\"wpforms-validate wpforms-form wpforms-ajax-form\" data-formid=\"41\" method=\"post\" enctype=\"multipart\/form-data\" action=\"\/cs\/wp-json\/wp\/v2\/pages\/48\" data-token=\"47faf2c6dab72071a4512afce9832abb\" data-token-time=\"1777915439\" data-trp-original-action=\"\/cs\/wp-json\/wp\/v2\/pages\/48\"><noscript class=\"wpforms-error-noscript\">Chcete-li vyplnit tento formul\u00e1\u0159, pros\u00edm povolte v prohl\u00ed\u017ee\u010di JavaScript.<\/noscript><div class=\"wpforms-hidden\" id=\"wpforms-error-noscript\">Chcete-li vyplnit tento formul\u00e1\u0159, pros\u00edm povolte v prohl\u00ed\u017ee\u010di JavaScript.<\/div><div class=\"wpforms-field-container\"><div id=\"wpforms-41-field_1-container\" class=\"wpforms-field wpforms-field-name\" data-field-id=\"1\"><label class=\"wpforms-field-label\" for=\"wpforms-41-field_1\">Meno <span class=\"wpforms-required-label\" aria-hidden=\"true\">*<\/span><\/label><input type=\"text\" id=\"wpforms-41-field_1\" class=\"wpforms-field-large wpforms-field-required\" name=\"wpforms[fields][1]\" aria-errormessage=\"wpforms-41-field_1-error\" required><\/div><div id=\"wpforms-41-field_2-container\" class=\"wpforms-field wpforms-field-email\" data-field-id=\"2\"><label class=\"wpforms-field-label\" for=\"wpforms-41-field_2\">E-mail <span class=\"wpforms-required-label\" aria-hidden=\"true\">*<\/span><\/label><input type=\"email\" id=\"wpforms-41-field_2\" class=\"wpforms-field-large wpforms-field-required\" name=\"wpforms[fields][2]\" spellcheck=\"false\" aria-errormessage=\"wpforms-41-field_2-error\" required><\/div><div id=\"wpforms-41-field_3-container\" class=\"wpforms-field wpforms-field-text\" data-field-id=\"3\"><label class=\"wpforms-field-label\" for=\"wpforms-41-field_3\">Predmet<\/label><input type=\"text\" id=\"wpforms-41-field_3\" class=\"wpforms-field-large\" name=\"wpforms[fields][3]\" aria-errormessage=\"wpforms-41-field_3-error\" ><\/div><div id=\"wpforms-41-field_4-container\" class=\"wpforms-field wpforms-field-textarea\" data-field-id=\"4\"><label class=\"wpforms-field-label\" for=\"wpforms-41-field_4\">Spr\u00e1va <span class=\"wpforms-required-label\" aria-hidden=\"true\">*<\/span><\/label><textarea id=\"wpforms-41-field_4\" class=\"wpforms-field-large wpforms-field-required\" name=\"wpforms[fields][4]\" aria-errormessage=\"wpforms-41-field_4-error\" required><\/textarea><\/div><\/div><!-- .wpforms-field-container --><div class=\"wpforms-submit-container\" ><input type=\"hidden\" name=\"wpforms[id]\" value=\"41\"><input type=\"hidden\" name=\"page_title\" value=\"\"><input type=\"hidden\" name=\"page_url\" value=\"https:\/\/www.spitesnami.sk\/cs\/wp-json\/wp\/v2\/pages\/48\"><input type=\"hidden\" name=\"url_referer\" value=\"\"><button type=\"submit\" name=\"wpforms[submit]\" id=\"wpforms-submit-41\" class=\"wpforms-submit buttonwpforms-submit\" data-alt-text=\"Odosielam...\" data-submit-text=\"Odosla\u0165\" aria-live=\"assertive\" value=\"wpforms-submit\">Odosla\u0165<\/button><img loading=\"lazy\" decoding=\"async\" src=\"https:\/\/www.spitesnami.sk\/wp-content\/plugins\/wpforms-lite\/assets\/images\/submit-spin.svg\" class=\"wpforms-submit-spinner\" style=\"display: none;\" width=\"26\" height=\"26\" alt=\"Na\u010d\u00edt\u00e1n\u00ed\"><\/div><input type=\"hidden\" name=\"trp-form-language\" value=\"cs\"\/><\/form><\/div>  <!-- .wpforms-container -->\n\n\n<p class=\"has-text-align-center\">Va\u0161e \u00fadaje bud\u00fa spracovan\u00e9 v s\u00falade s <a href=\"https:\/\/www.spitesnami.sk\/wp-content\/uploads\/2025\/10\/Obchodne-podmienky.pdf\" title=\"\">obchodn\u00fdmi podmienkami<\/a>.<\/p>\n<\/div>\n<\/div>\n<\/div>","protected":false},"excerpt":{"rendered":"<p>Pre\u010do Bernarda? \u2705 V\u00fdhradn\u00e9 zameranie na sp\u00e1nok \u2013 sme \u0161pecialisti \ud83d\udecc Overen\u00e9 v 5-hviezdi\u010dkov\u00fdch hoteloch \ud83e\udd47 Medzin\u00e1rodn\u00e9 ocenenia a patenty (vr\u00e1tane zdravotn\u00e9ho matraca ANTIFLUX) \ud83c\udf0d V\u00fdroba 100 % v E\u00da \ud83d\udd2c Inov\u00e1cia a kvalita \u2013 od \u0160tudentsk\u00fdch domovov po luxusn\u00e9 apartm\u00e1ny D\u00f4veruj\u00fa n\u00e1m: Kempinski \u2022 Hilton \u2022 Marriott \u2022 M\u00f6venpick \u2022 Holiday Inn \u2022 Radisson [&hellip;]<\/p>","protected":false},"author":1,"featured_media":0,"parent":0,"menu_order":0,"comment_status":"closed","ping_status":"closed","template":"no-title","meta":{"footnotes":"[]"},"class_list":["post-48","page","type-page","status-publish","hentry"],"aioseo_notices":[],"_links":{"self":[{"href":"https:\/\/www.spitesnami.sk\/cs\/wp-json\/wp\/v2\/pages\/48","targetHints":{"allow":["GET"]}}],"collection":[{"href":"https:\/\/www.spitesnami.sk\/cs\/wp-json\/wp\/v2\/pages"}],"about":[{"href":"https:\/\/www.spitesnami.sk\/cs\/wp-json\/wp\/v2\/types\/page"}],"author":[{"embeddable":true,"href":"https:\/\/www.spitesnami.sk\/cs\/wp-json\/wp\/v2\/users\/1"}],"replies":[{"embeddable":true,"href":"https:\/\/www.spitesnami.sk\/cs\/wp-json\/wp\/v2\/comments?post=48"}],"version-history":[{"count":24,"href":"https:\/\/www.spitesnami.sk\/cs\/wp-json\/wp\/v2\/pages\/48\/revisions"}],"predecessor-version":[{"id":1120,"href":"https:\/\/www.spitesnami.sk\/cs\/wp-json\/wp\/v2\/pages\/48\/revisions\/1120"}],"wp:attachment":[{"href":"https:\/\/www.spitesnami.sk\/cs\/wp-json\/wp\/v2\/media?parent=48"}],"curies":[{"name":"wp","href":"https:\/\/api.w.org\/{rel}","templated":true}]}}